{"id":8,"date":"2014-07-21T19:20:52","date_gmt":"2014-07-21T19:20:52","guid":{"rendered":"http:\/\/rnasinc.com\/?page_id=8"},"modified":"2015-08-06T09:10:15","modified_gmt":"2015-08-06T15:10:15","slug":"about","status":"publish","type":"page","link":"https:\/\/rnasinc.com\/pb\/about\/","title":{"rendered":"Sobre a RNAS"},"content":{"rendered":"<p><\/p>\n<h3>Nossas Origens &#8211;<\/h3>\n<p>No final dos anos 80, Bill Newman, fundador da RNAs, trabalhava em Traverse City, Michigan, como qu\u00edmico anal\u00edtico na Esta\u00e7\u00e3o de ar da Guarda Costeira dos Estados Unidos &#8211; USCG. A \u00e1rea da Traverse City era ideal para fins de pesquisa, j\u00e1 que \u00e9 composta por um aqu\u00edfero uniforme de areia, com r\u00e1pido fluxo de \u00e1gua subterr\u00e2nea e v\u00e1rias plumas de contamina\u00e7\u00e3o. John Wilson e sua equipe de pesquisadores da Ag\u00eancia Ambiental Americana &#8211; United States Environmental Protection Agency &#8211; USEPA conduziu uma pesquisa fundamentada na atenua\u00e7\u00e3o natural e biorremedia\u00e7\u00e3o avan\u00e7ada nesta \u00e1rea. Pesquisadores de universidade tamb\u00e9m trabalharam neste site. Depois de muitos projetos de pesquisa, Bill deixou a qu\u00edmica anal\u00edtica e come\u00e7ou a realizar consultorias em biorremedia\u00e7\u00e3o e atenua\u00e7\u00e3o natural. Em 1998, ele fundou a empresa RNAs Remediation Products e tornou-se um dos principais fornecedores de produtos de biorremedia\u00e7\u00e3o para a ind\u00fastria.<\/p>\n<h3>Nossa Abordagem &#8211;<\/h3>\n<p>A RNAS Remediation Products tem orgulho da nossa qualidade de produtos, atendimento ao cliente e expertise. Valorizamos nossos relacionamentos com nossos clientes. A RNAs tem o prazer de oferecer aos clientes produtos desenvolvidos a partir de pesquisas intensivas em biorremedia\u00e7\u00e3o.  Valorizamos o conhecimento t\u00e9cnico que nossos clientes compartilham conosco e  que nos incentivam para a melhoria cont\u00ednua de nossos produtos.<\/p>\n<h3>Nossa Filosofia de Remedia\u00e7\u00e3o Verde e Sustent\u00e1vel<\/h3>\n<p>Todo mundo fala sobre produtos e servi\u00e7os ecol\u00f3gicos e sustent\u00e1veis, mas sem a\u00e7\u00f5es efetivas as palavras n\u00e3o valem nada:<\/p>\n<ul>\n<li>A biorremedia\u00e7\u00e3o in situ envolve o aumento de processos microbianos naturais. O tratamento de solo e \u00e1gua subterr\u00e2nea no local utilizando processos naturais minimiza as entradas de energia, resultando em uma menor pegada de carbono em rela\u00e7\u00e3o a outros m\u00e9todos de remedia\u00e7\u00e3o. A empresa fornece produtos altamente eficazes para solu\u00e7\u00f5es in situ.<\/li>\n<li>Todos os nossos produtos doadores de el\u00e9trons s\u00e3o derivados de uma cultura para maximizar os recursos renov\u00e1veis. A RNAs trabalha com empresas parceiras para otimizar a log\u00edstica, fabrica\u00e7\u00e3o e outras opera\u00e7\u00f5es a fim de reduzir o consumo de energia e o desperd\u00edcio de res\u00edduos.<\/li>\n<li>Nosso escrit\u00f3rio corporativo minimiza o consumo de energia atrav\u00e9s da utiliza\u00e7\u00e3o de aquecimento e resfriamento geot\u00e9rmico, ilumina\u00e7\u00e3o de alta efici\u00eancia (LED), e esta\u00e7\u00f5es de carregamento de baterias para carros el\u00e9tricos. Pain\u00e9is solares combinados com fontes de energia e\u00f3lica suprem 100% das nossas necessidades de energia a partir de energias renov\u00e1veis livres de emiss\u00f5es de carbono.<\/li>\n<\/ul>\n<p><\/p>","protected":false},"excerpt":{"rendered":"<p>Nossas Origens &#8211; No final dos anos 80, Bill Newman, fundador da RNAs, trabalhava em Traverse City, Michigan, como qu\u00edmico anal\u00edtico na Esta\u00e7\u00e3o de ar da Guarda Costeira dos Estados Unidos &#8211; USCG. A \u00e1rea da Traverse City era ideal para fins de pesquisa, j\u00e1 que \u00e9 composta por um aqu\u00edfero uniforme de areia, com&#8230; <a class=\"moretag\" href=\"https:\/\/rnasinc.com\/pb\/about\/\">Read more<\/a><\/p>\n","protected":false},"author":1,"featured_media":0,"parent":0,"menu_order":5,"comment_status":"closed","ping_status":"closed","template":"","meta":[],"yoast_head":"<!-- This site is optimized with the Yoast SEO plugin v15.2 - https:\/\/yoast.com\/wordpress\/plugins\/seo\/ -->\n<meta name=\"robots\" content=\"index, follow, max-snippet:-1, max-image-preview:large, max-video-preview:-1\" \/>\n<link rel=\"canonical\" href=\"http:\/\/rnasinc.com\/about\/\" \/>\n<meta property=\"og:locale\" content=\"pt_BR\" \/>\n<meta property=\"og:type\" content=\"article\" \/>\n<meta property=\"og:title\" content=\"Sobre a RNAS - RNAS Remediation Products\" \/>\n<meta property=\"og:description\" content=\"Nossas Origens &#8211; No final dos anos 80, Bill Newman, fundador da RNAs, trabalhava em Traverse City, Michigan, como qu\u00edmico anal\u00edtico na Esta\u00e7\u00e3o de ar da Guarda Costeira dos Estados Unidos &#8211; USCG. A \u00e1rea da Traverse City era ideal para fins de pesquisa, j\u00e1 que \u00e9 composta por um aqu\u00edfero uniforme de areia, com... Read more\" \/>\n<meta property=\"og:url\" content=\"http:\/\/rnasinc.com\/about\/\" \/>\n<meta property=\"og:site_name\" content=\"RNAS Remediation Products\" \/>\n<meta property=\"article:modified_time\" content=\"2015-08-06T15:10:15+00:00\" \/>\n<meta name=\"twitter:label1\" value=\"Written by\">\n\t<meta name=\"twitter:data1\" value=\"Jeremy Ward\">\n\t<meta name=\"twitter:label2\" value=\"Est. reading time\">\n\t<meta name=\"twitter:data2\" value=\"5 minutos\">\n<script type=\"application\/ld+json\" class=\"yoast-schema-graph\">{\"@context\":\"https:\/\/schema.org\",\"@graph\":[{\"@type\":\"WebSite\",\"@id\":\"https:\/\/rnasinc.com\/#website\",\"url\":\"https:\/\/rnasinc.com\/\",\"name\":\"RNAS Remediation Products\",\"description\":\"Solu\\u00e7\\u00f5es In Situ\",\"potentialAction\":[{\"@type\":\"SearchAction\",\"target\":\"https:\/\/rnasinc.com\/?s={search_term_string}\",\"query-input\":\"required name=search_term_string\"}],\"inLanguage\":\"pt-BR\"},{\"@type\":\"WebPage\",\"@id\":\"http:\/\/rnasinc.com\/about\/#webpage\",\"url\":\"http:\/\/rnasinc.com\/about\/\",\"name\":\"Sobre a RNAS - RNAS Remediation Products\",\"isPartOf\":{\"@id\":\"https:\/\/rnasinc.com\/#website\"},\"datePublished\":\"2014-07-21T19:20:52+00:00\",\"dateModified\":\"2015-08-06T15:10:15+00:00\",\"inLanguage\":\"pt-BR\",\"potentialAction\":[{\"@type\":\"ReadAction\",\"target\":[\"http:\/\/rnasinc.com\/about\/\"]}]}]}<\/script>\n<!-- \/ Yoast SEO plugin. -->","_links":{"self":[{"href":"https:\/\/rnasinc.com\/pb\/wp-json\/wp\/v2\/pages\/8"}],"collection":[{"href":"https:\/\/rnasinc.com\/pb\/wp-json\/wp\/v2\/pages"}],"about":[{"href":"https:\/\/rnasinc.com\/pb\/wp-json\/wp\/v2\/types\/page"}],"author":[{"embeddable":true,"href":"https:\/\/rnasinc.com\/pb\/wp-json\/wp\/v2\/users\/1"}],"replies":[{"embeddable":true,"href":"https:\/\/rnasinc.com\/pb\/wp-json\/wp\/v2\/comments?post=8"}],"version-history":[{"count":28,"href":"https:\/\/rnasinc.com\/pb\/wp-json\/wp\/v2\/pages\/8\/revisions"}],"predecessor-version":[{"id":650,"href":"https:\/\/rnasinc.com\/pb\/wp-json\/wp\/v2\/pages\/8\/revisions\/650"}],"wp:attachment":[{"href":"https:\/\/rnasinc.com\/pb\/wp-json\/wp\/v2\/media?parent=8"}],"curies":[{"name":"wp","href":"https:\/\/api.w.org\/{rel}","templated":true}]}}