{"id":948,"date":"2017-03-23T09:18:47","date_gmt":"2017-03-23T15:18:47","guid":{"rendered":"http:\/\/rnasinc.com\/?page_id=948"},"modified":"2019-01-22T11:19:46","modified_gmt":"2019-01-22T17:19:46","slug":"newman-zone-os","status":"publish","type":"page","link":"https:\/\/rnasinc.com\/es\/products\/newman-zone-os\/","title":{"rendered":"(English) Newman Zone OS"},"content":{"rendered":"<p class=\"qtranxs-available-languages-message qtranxs-available-languages-message-es\">Disculpa, pero esta entrada est\u00e1 disponible s\u00f3lo en <a href=\"https:\/\/rnasinc.com\/en\/wp-json\/wp\/v2\/pages\/948\" class=\"qtranxs-available-language-link qtranxs-available-language-link-en\" title=\"English\">Ingl\u00e9s Estadounidense<\/a>.<\/p>","protected":false},"excerpt":{"rendered":"<p>Disculpa, pero esta entrada est\u00e1 disponible s\u00f3lo en Ingl\u00e9s Estadounidense.<\/p>\n","protected":false},"author":5,"featured_media":0,"parent":10,"menu_order":17,"comment_status":"closed","ping_status":"closed","template":"templates\/product.php","meta":[],"yoast_head":"<!-- This site is optimized with the Yoast SEO plugin v15.2 - https:\/\/yoast.com\/wordpress\/plugins\/seo\/ -->\n<meta name=\"robots\" content=\"index, follow, max-snippet:-1, max-image-preview:large, max-video-preview:-1\" \/>\n<link rel=\"canonical\" href=\"http:\/\/rnasinc.com\/products\/newman-zone-os\/\" \/>\n<meta property=\"og:locale\" content=\"es_ES\" \/>\n<meta property=\"og:type\" content=\"article\" \/>\n<meta property=\"og:title\" content=\"(English) Newman Zone OS - RNAS Remediation Products\" \/>\n<meta property=\"og:description\" content=\"Disculpa, pero esta entrada est\u00e1 disponible s\u00f3lo en Ingl\u00e9s Estadounidense.\" \/>\n<meta property=\"og:url\" content=\"http:\/\/rnasinc.com\/products\/newman-zone-os\/\" \/>\n<meta property=\"og:site_name\" content=\"RNAS Remediation Products\" \/>\n<meta property=\"article:modified_time\" content=\"2019-01-22T17:19:46+00:00\" \/>\n<meta name=\"twitter:label1\" value=\"Escrito por\">\n\t<meta name=\"twitter:data1\" value=\"Scott Anderson\">\n\t<meta name=\"twitter:label2\" value=\"Tiempo de lectura\">\n\t<meta name=\"twitter:data2\" value=\"0 minutos\">\n<script type=\"application\/ld+json\" class=\"yoast-schema-graph\">{\"@context\":\"https:\/\/schema.org\",\"@graph\":[{\"@type\":\"WebSite\",\"@id\":\"http:\/\/rnasinc.com\/#website\",\"url\":\"http:\/\/rnasinc.com\/\",\"name\":\"RNAS Remediation Products\",\"description\":\"Soluciones In Situ\",\"potentialAction\":[{\"@type\":\"SearchAction\",\"target\":\"http:\/\/rnasinc.com\/?s={search_term_string}\",\"query-input\":\"required name=search_term_string\"}],\"inLanguage\":\"es\"},{\"@type\":\"WebPage\",\"@id\":\"http:\/\/rnasinc.com\/products\/newman-zone-os\/#webpage\",\"url\":\"http:\/\/rnasinc.com\/products\/newman-zone-os\/\",\"name\":\"(English) Newman Zone OS - RNAS Remediation Products\",\"isPartOf\":{\"@id\":\"http:\/\/rnasinc.com\/#website\"},\"datePublished\":\"2017-03-23T15:18:47+00:00\",\"dateModified\":\"2019-01-22T17:19:46+00:00\",\"inLanguage\":\"es\",\"potentialAction\":[{\"@type\":\"ReadAction\",\"target\":[\"http:\/\/rnasinc.com\/products\/newman-zone-os\/\"]}]}]}<\/script>\n<!-- \/ Yoast SEO plugin. -->","_links":{"self":[{"href":"https:\/\/rnasinc.com\/es\/wp-json\/wp\/v2\/pages\/948"}],"collection":[{"href":"https:\/\/rnasinc.com\/es\/wp-json\/wp\/v2\/pages"}],"about":[{"href":"https:\/\/rnasinc.com\/es\/wp-json\/wp\/v2\/types\/page"}],"author":[{"embeddable":true,"href":"https:\/\/rnasinc.com\/es\/wp-json\/wp\/v2\/users\/5"}],"replies":[{"embeddable":true,"href":"https:\/\/rnasinc.com\/es\/wp-json\/wp\/v2\/comments?post=948"}],"version-history":[{"count":10,"href":"https:\/\/rnasinc.com\/es\/wp-json\/wp\/v2\/pages\/948\/revisions"}],"predecessor-version":[{"id":984,"href":"https:\/\/rnasinc.com\/es\/wp-json\/wp\/v2\/pages\/948\/revisions\/984"}],"up":[{"embeddable":true,"href":"https:\/\/rnasinc.com\/es\/wp-json\/wp\/v2\/pages\/10"}],"wp:attachment":[{"href":"https:\/\/rnasinc.com\/es\/wp-json\/wp\/v2\/media?parent=948"}],"curies":[{"name":"wp","href":"https:\/\/api.w.org\/{rel}","templated":true}]}}