{"id":8,"date":"2014-07-21T19:20:52","date_gmt":"2014-07-21T19:20:52","guid":{"rendered":"http:\/\/rnasinc.com\/?page_id=8"},"modified":"2015-08-06T09:10:15","modified_gmt":"2015-08-06T15:10:15","slug":"about","status":"publish","type":"page","link":"https:\/\/rnasinc.com\/es\/about\/","title":{"rendered":"Nosotros"},"content":{"rendered":"<p><\/p>\n<h3>Nuestros Or\u00edgenes &#8211;<\/h3>\n<p>A finales de 1980, Bill Newman fundador de RNAS, trabaj\u00f3 como qu\u00edmico anal\u00edtico en la Estaci\u00f3n A\u00e9rea USCG en Traverse City, MI. Traverse City era ideal para fines de investigaci\u00f3n, ya que proporcionaba un acu\u00edfero uniforme de arena, un flujo de agua subterr\u00e1nea r\u00e1pida, y m\u00faltiples plumas de contaminantes. John Wilson y su equipo de investigadores de la USEPA, condujeron muchas de sus investigaciones fundamentales en atenuaci\u00f3n natural y mejoramiento de la biorremediaci\u00f3n en este sitio. Muchos investigadores universitarios tambi\u00e9n trabajaron en este lugar. Despu\u00e9s de trabajar en muchos de estos proyectos de investigaci\u00f3n, Bill sali\u00f3 de la qu\u00edmica anal\u00edtica, y se inici\u00f3 en la consultor\u00eda en biorremediaci\u00f3n y atenuaci\u00f3n natural. En 1998 fund\u00f3 RNAS Remediation Products, convirti\u00e9ndose esta en uno de los principales proveedores de productos de biorremediaci\u00f3n de la industria.<\/p>\n<h3>Nuestro Enfoque &#8211;<\/h3>\n<p>En RNAS Remediation Products nos sentimos orgullosos de la calidad de nuestros productos, del servicio al cliente y de la experiencia t\u00e9cnica. Valoramos las relaciones a largo plazo con nuestros clientes. En RNAS nos complacemos en ofrecer a nuestros clientes d\u00e9cadas de experiencia en biorremediaci\u00f3n, y un profundo conocimiento en los productos que hemos inventado.<\/p>\n<h3>Nuestra Filosof\u00eda se basa en Remediaci\u00f3n Sostenible y Verde &#8211;<\/h3>\n<p>Todo el mundo habla sobre productos y servicios verdes y sostenibles, pero las palabras significan poco sin acciones efectivas:<\/p>\n<ul>\n<li>La biorremediaci\u00f3n in situ implica el mejor de los procesos microbianos naturales. El tratamiento de suelos y agua subterr\u00e1nea en el lugar, usando procesos naturales, minimiza las entradas de energ\u00eda que resultan en una huella de carbono mucho menor con respecto a muchos otros m\u00e9todos de remediaci\u00f3n. En RNAS entregamos productos para una soluci\u00f3n in situ efectiva.<\/li>\n<li>Todos nuestros productos donadores de electrones son cultivos derivados, y maximizan los recursos renovables. RNAS trabaja con sus empresas socias para optimizar la log\u00edstica, fabricaci\u00f3n y otras operaciones, para as\u00ed reducir el uso de energ\u00eda y los residuos.<\/li>\n<li>Nuestra oficina corporativa minimiza el consumo de energ\u00eda mediante la utilizaci\u00f3n de fuentes subterr\u00e1neas, calefacci\u00f3n geot\u00e9rmica y refrigeraci\u00f3n, iluminaci\u00f3n de alta eficiencia (LED y FL), y autos el\u00e9ctricos con infraestructura de recarga. Paneles solares combinados con energ\u00eda comercial e\u00f3lica proporcionan el 100% de nuestras necesidades energ\u00e9ticas, por medio de energ\u00edas renovables sin emisi\u00f3n de carbono.<\/li>\n<\/ul>\n<p><\/p>","protected":false},"excerpt":{"rendered":"<p>Nuestros Or\u00edgenes &#8211; A finales de 1980, Bill Newman fundador de RNAS, trabaj\u00f3 como qu\u00edmico anal\u00edtico en la Estaci\u00f3n A\u00e9rea USCG en Traverse City, MI. Traverse City era ideal para fines de investigaci\u00f3n, ya que proporcionaba un acu\u00edfero uniforme de arena, un flujo de agua subterr\u00e1nea r\u00e1pida, y m\u00faltiples plumas de contaminantes. John Wilson y&#8230; <a class=\"moretag\" href=\"https:\/\/rnasinc.com\/es\/about\/\">Read more<\/a><\/p>\n","protected":false},"author":1,"featured_media":0,"parent":0,"menu_order":5,"comment_status":"closed","ping_status":"closed","template":"","meta":[],"yoast_head":"<!-- This site is optimized with the Yoast SEO plugin v15.2 - https:\/\/yoast.com\/wordpress\/plugins\/seo\/ -->\n<meta name=\"robots\" content=\"index, follow, max-snippet:-1, max-image-preview:large, max-video-preview:-1\" \/>\n<link rel=\"canonical\" href=\"http:\/\/rnasinc.com\/about\/\" \/>\n<meta property=\"og:locale\" content=\"es_ES\" \/>\n<meta property=\"og:type\" content=\"article\" \/>\n<meta property=\"og:title\" content=\"Nosotros - RNAS Remediation Products\" \/>\n<meta property=\"og:description\" content=\"Nuestros Or\u00edgenes &#8211; A finales de 1980, Bill Newman fundador de RNAS, trabaj\u00f3 como qu\u00edmico anal\u00edtico en la Estaci\u00f3n A\u00e9rea USCG en Traverse City, MI. Traverse City era ideal para fines de investigaci\u00f3n, ya que proporcionaba un acu\u00edfero uniforme de arena, un flujo de agua subterr\u00e1nea r\u00e1pida, y m\u00faltiples plumas de contaminantes. John Wilson y... Read more\" \/>\n<meta property=\"og:url\" content=\"http:\/\/rnasinc.com\/about\/\" \/>\n<meta property=\"og:site_name\" content=\"RNAS Remediation Products\" \/>\n<meta property=\"article:modified_time\" content=\"2015-08-06T15:10:15+00:00\" \/>\n<meta name=\"twitter:label1\" value=\"Escrito por\">\n\t<meta name=\"twitter:data1\" value=\"Jeremy Ward\">\n\t<meta name=\"twitter:label2\" value=\"Tiempo de lectura\">\n\t<meta name=\"twitter:data2\" value=\"5 minutos\">\n<script type=\"application\/ld+json\" class=\"yoast-schema-graph\">{\"@context\":\"https:\/\/schema.org\",\"@graph\":[{\"@type\":\"WebSite\",\"@id\":\"https:\/\/rnasinc.com\/#website\",\"url\":\"https:\/\/rnasinc.com\/\",\"name\":\"RNAS Remediation Products\",\"description\":\"Soluciones In Situ\",\"potentialAction\":[{\"@type\":\"SearchAction\",\"target\":\"https:\/\/rnasinc.com\/?s={search_term_string}\",\"query-input\":\"required name=search_term_string\"}],\"inLanguage\":\"es\"},{\"@type\":\"WebPage\",\"@id\":\"http:\/\/rnasinc.com\/about\/#webpage\",\"url\":\"http:\/\/rnasinc.com\/about\/\",\"name\":\"Nosotros - RNAS Remediation Products\",\"isPartOf\":{\"@id\":\"https:\/\/rnasinc.com\/#website\"},\"datePublished\":\"2014-07-21T19:20:52+00:00\",\"dateModified\":\"2015-08-06T15:10:15+00:00\",\"inLanguage\":\"es\",\"potentialAction\":[{\"@type\":\"ReadAction\",\"target\":[\"http:\/\/rnasinc.com\/about\/\"]}]}]}<\/script>\n<!-- \/ Yoast SEO plugin. -->","_links":{"self":[{"href":"https:\/\/rnasinc.com\/es\/wp-json\/wp\/v2\/pages\/8"}],"collection":[{"href":"https:\/\/rnasinc.com\/es\/wp-json\/wp\/v2\/pages"}],"about":[{"href":"https:\/\/rnasinc.com\/es\/wp-json\/wp\/v2\/types\/page"}],"author":[{"embeddable":true,"href":"https:\/\/rnasinc.com\/es\/wp-json\/wp\/v2\/users\/1"}],"replies":[{"embeddable":true,"href":"https:\/\/rnasinc.com\/es\/wp-json\/wp\/v2\/comments?post=8"}],"version-history":[{"count":28,"href":"https:\/\/rnasinc.com\/es\/wp-json\/wp\/v2\/pages\/8\/revisions"}],"predecessor-version":[{"id":650,"href":"https:\/\/rnasinc.com\/es\/wp-json\/wp\/v2\/pages\/8\/revisions\/650"}],"wp:attachment":[{"href":"https:\/\/rnasinc.com\/es\/wp-json\/wp\/v2\/media?parent=8"}],"curies":[{"name":"wp","href":"https:\/\/api.w.org\/{rel}","templated":true}]}}