{"id":2,"date":"2014-07-17T19:33:53","date_gmt":"2014-07-17T19:33:53","guid":{"rendered":"http:\/\/rnasinc.com\/?page_id=2"},"modified":"2020-08-18T08:17:08","modified_gmt":"2020-08-18T14:17:08","slug":"home","status":"publish","type":"page","link":"https:\/\/rnasinc.com\/es\/","title":{"rendered":"Inicio"},"content":{"rendered":"<p><\/p>\n<p class=\"p1\"><span class=\"s1\"><b>RNAS Remediation Products<\/b> es un proveedor l\u00edder de productos de biorremediaci\u00f3n de suelo in situ<\/span><span class=\"s2\">, y<\/span><span class=\"s1\"> remediaci\u00f3n de aguas subterr\u00e1neas. Por m\u00e1s de una d\u00e9cada, RNAS ha proporcionado millones de productos innovadores a nuestros clientes en todo el mundo. <\/span><span class=\"s2\">Newman Zone\u00ae, nuestro aceite vegetal emulsionado (EVO)<\/span><span class=\"s1\">, fue el primero Comercial EVO dise\u00f1ado para la <\/span><span class=\"s2\">biorremediaci\u00f3n<\/span><span class=\"s1\">. Hemos seguido desarrollando productos l\u00edderes del sector y ofreciendo una gama completa de soluciones de <\/span><span class=\"s2\">biorremediaci\u00f3n.<\/span><span class=\"s1\"> La Biorremediaci\u00f3n<\/span><span class=\"s2\">, la cual utiliza<\/span><span class=\"s1\"> nuestros cultivos derivados de donantes de electrones, est\u00e1 ayudando a la industria de <\/span><span class=\"s2\">la<\/span><span class=\"s1\"> remediaci\u00f3n a dirigirse hacia un futuro verde y sostenible.<\/span><\/p>\n<p><\/p>","protected":false},"excerpt":{"rendered":"<p>RNAS Remediation Products es un proveedor l\u00edder de productos de biorremediaci\u00f3n de suelo in situ, y remediaci\u00f3n de aguas subterr\u00e1neas. Por m\u00e1s de una d\u00e9cada, RNAS ha proporcionado millones de productos innovadores a nuestros clientes en todo el mundo. Newman Zone\u00ae, nuestro aceite vegetal emulsionado (EVO), fue el primero Comercial EVO dise\u00f1ado para la biorremediaci\u00f3n&#8230;. <a class=\"moretag\" href=\"https:\/\/rnasinc.com\/es\/\">Read more<\/a><\/p>\n","protected":false},"author":1,"featured_media":0,"parent":0,"menu_order":0,"comment_status":"open","ping_status":"closed","template":"templates\/home.php","meta":[],"yoast_head":"<!-- This site is optimized with the Yoast SEO plugin v15.2 - https:\/\/yoast.com\/wordpress\/plugins\/seo\/ -->\n<meta name=\"description\" content=\"Productos de Remediaci\u00f3n. Nuestros productos mejoran los procesos naturales para lograr bajo costo, ser verde y tener resultados sostenibles.\" \/>\n<meta name=\"robots\" content=\"index, follow, max-snippet:-1, max-image-preview:large, max-video-preview:-1\" \/>\n<link rel=\"canonical\" href=\"https:\/\/rnasinc.com\/\" \/>\n<meta property=\"og:locale\" content=\"es_ES\" \/>\n<meta property=\"og:type\" content=\"article\" \/>\n<meta property=\"og:title\" content=\"[:en]RNAS Remediation Products - In Situ Solutions[:es]RNAS Remediation Products - Soluciones In Situ[:pb]RNAS Remediation Products - Solu\u00e7\u00f5es In Situ[:]\" \/>\n<meta property=\"og:description\" content=\"{:en}Safe and effective treatment of soil and ground water. Our products enhance natural processes to achieve low cost, green and sustainable results.{:es}Productos de Remediaci\u00f3n. Nuestros productos mejoran los procesos naturales para lograr bajo costo, ser verde y tener resultados sostenibles.{:pb}Produtos de Remedia\u00e7\u00e3o. Nossos produtos intensificam os processos naturais com baixo custo, a fim de atingir solu\u00e7\u00f5es verdes sustent\u00e1veis.{:}\" \/>\n<meta property=\"og:url\" content=\"https:\/\/rnasinc.com\/\" \/>\n<meta property=\"og:site_name\" content=\"RNAS Remediation Products\" \/>\n<meta property=\"article:modified_time\" content=\"2020-08-18T14:17:08+00:00\" \/>\n<meta property=\"og:image\" content=\"http:\/\/rnasinc.com\/wp-content\/uploads\/Newman-Zone-6730-6755-USDA-label-300x149.png\" \/>\n<meta name=\"twitter:label1\" value=\"Escrito por\">\n\t<meta name=\"twitter:data1\" value=\"Jeremy Ward\">\n\t<meta name=\"twitter:label2\" value=\"Tiempo de lectura\">\n\t<meta name=\"twitter:data2\" value=\"1 minuto\">\n<script type=\"application\/ld+json\" class=\"yoast-schema-graph\">{\"@context\":\"https:\/\/schema.org\",\"@graph\":[{\"@type\":\"WebSite\",\"@id\":\"https:\/\/rnasinc.com\/#website\",\"url\":\"https:\/\/rnasinc.com\/\",\"name\":\"RNAS Remediation Products\",\"description\":\"Soluciones In Situ\",\"potentialAction\":[{\"@type\":\"SearchAction\",\"target\":\"https:\/\/rnasinc.com\/?s={search_term_string}\",\"query-input\":\"required name=search_term_string\"}],\"inLanguage\":\"es\"},{\"@type\":\"ImageObject\",\"@id\":\"https:\/\/rnasinc.com\/#primaryimage\",\"inLanguage\":\"es\",\"url\":\"http:\/\/rnasinc.com\/wp-content\/uploads\/Newman-Zone-6730-6755-USDA-label-300x149.png\"},{\"@type\":\"WebPage\",\"@id\":\"https:\/\/rnasinc.com\/#webpage\",\"url\":\"https:\/\/rnasinc.com\/\",\"name\":\"[:en]RNAS Remediation Products - In Situ Solutions[:es]RNAS Remediation Products - Soluciones In Situ[:pb]RNAS Remediation Products - Solu\\u00e7\\u00f5es In Situ[:]\",\"isPartOf\":{\"@id\":\"https:\/\/rnasinc.com\/#website\"},\"primaryImageOfPage\":{\"@id\":\"https:\/\/rnasinc.com\/#primaryimage\"},\"datePublished\":\"2014-07-17T19:33:53+00:00\",\"dateModified\":\"2020-08-18T14:17:08+00:00\",\"description\":\"{:en}Safe and effective treatment of soil and ground water. Our products enhance natural processes to achieve low cost, green and sustainable results.{:es}Productos de Remediaci\\u00f3n. Nuestros productos mejoran los procesos naturales para lograr bajo costo, ser verde y tener resultados sostenibles.{:pb}Produtos de Remedia\\u00e7\\u00e3o. Nossos produtos intensificam os processos naturais com baixo custo, a fim de atingir solu\\u00e7\\u00f5es verdes sustent\\u00e1veis.{:}\",\"inLanguage\":\"es\",\"potentialAction\":[{\"@type\":\"ReadAction\",\"target\":[\"https:\/\/rnasinc.com\/\"]}]}]}<\/script>\n<!-- \/ Yoast SEO plugin. -->","_links":{"self":[{"href":"https:\/\/rnasinc.com\/es\/wp-json\/wp\/v2\/pages\/2"}],"collection":[{"href":"https:\/\/rnasinc.com\/es\/wp-json\/wp\/v2\/pages"}],"about":[{"href":"https:\/\/rnasinc.com\/es\/wp-json\/wp\/v2\/types\/page"}],"author":[{"embeddable":true,"href":"https:\/\/rnasinc.com\/es\/wp-json\/wp\/v2\/users\/1"}],"replies":[{"embeddable":true,"href":"https:\/\/rnasinc.com\/es\/wp-json\/wp\/v2\/comments?post=2"}],"version-history":[{"count":45,"href":"https:\/\/rnasinc.com\/es\/wp-json\/wp\/v2\/pages\/2\/revisions"}],"predecessor-version":[{"id":1065,"href":"https:\/\/rnasinc.com\/es\/wp-json\/wp\/v2\/pages\/2\/revisions\/1065"}],"wp:attachment":[{"href":"https:\/\/rnasinc.com\/es\/wp-json\/wp\/v2\/media?parent=2"}],"curies":[{"name":"wp","href":"https:\/\/api.w.org\/{rel}","templated":true}]}}