{"id":12,"date":"2020-08-06T02:11:30","date_gmt":"2020-08-06T08:11:30","guid":{"rendered":"http:\/\/rnasinc.com\/?page_id=12"},"modified":"2022-08-22T12:11:34","modified_gmt":"2022-08-22T18:11:34","slug":"resources","status":"publish","type":"page","link":"https:\/\/rnasinc.com\/es\/resources\/","title":{"rendered":"Recursos"},"content":{"rendered":"<p><\/p>\n<h2>FOLHAS DE DADOS DE SEGURAN\u00c7A<\/h2>\n<p><a href=\"http:\/\/rnasinc.com\/wp-content\/uploads\/SDS-Newman-Zone-EVO.pdf\" rel=\"\">Newman Zone\u00ae Emulsified Vegetable Oil (EVO)<\/a><br \/>\n<a href=\"http:\/\/rnasinc.com\/wp-content\/uploads\/SDS-Newman-Zone-HRO.pdf\" rel=\"\">Newman Zone HRO&#x2122;<\/a><br \/>\n<a href=\"http:\/\/rnasinc.com\/wp-content\/uploads\/SDS-Newman-Zone-QR.pdf\" rel=\"\">Newman Zone QR&#x2122;<\/a><br \/>\n<a href=\"http:\/\/rnasinc.com\/wp-content\/uploads\/SDS-Neutral-Zone.pdf\" rel=\"\">Neutral Zone\u00ae<\/a><br \/>\n<a href=\"http:\/\/rnasinc.com\/wp-content\/uploads\/SDS-MicroBlend.pdf\" rel=\"\">MicroBlend&#x2122;<\/a><br \/>\n<a href=\"http:\/\/rnasinc.com\/wp-content\/uploads\/SDS-SDC-9.pdf\" rel=\"\">SDC-9 Bioaugmentation Culture<\/a><\/p>\n<h2>SISTEMAS DE INJE\u00c7\u00c3O ALUGUEL<\/h2>\n<p>Est\u00e3o dispon\u00edveis sistemas de inje\u00e7\u00e3o de aluguel para injetar produtos RNAS na subsuperf\u00edcie.<\/p>\n<p><a href=\"http:\/\/rnasinc.com\/product-resources\/single-channel-system\/\">Sistema de canal \u00fanico<\/a><br \/>\n<a href=\"http:\/\/rnasinc.com\/product-resources\/four-channel-system\/\">Sistema de quatro canais<\/a><br \/>\n<a href=\"http:\/\/rnasinc.com\/product-resources\/ten-channel-system\/\">Sistema de dez canais<\/a><br \/>\n<a href=\"http:\/\/rnasinc.com\/product-resources\/agmark-bulk-iso-tanks\/\">Tanque ISO em massa da Agmark<\/a><\/p>\n<h2>PATENTES<\/h2>\n<p><a href=\"http:\/\/rnasinc.com\/wp-content\/uploads\/2014\/07\/Patent06806078.pdf\">US Patent No. 06806078: Newman, 2004, Substrato e m\u00e9todo para remedia\u00e7\u00e3o anaer\u00f3bica<\/a><br \/>\n<a href=\"http:\/\/rnasinc.com\/wp-content\/uploads\/2014\/07\/EP1545631B1.pdf\">EU Patent No. EP1545631B1: Newman, 2012, Substrato e m\u00e9todo para remedia\u00e7\u00e3o anaer\u00f3bica<\/a><\/p>\n<pre id=\"tw-target-text\" class=\"tw-data-text tw-text-large XcVN5d tw-ta\" data-placeholder=\"Translation\"><\/pre>\n<h2>RECURSOS TECNICOS<\/h2>\n<p>Lalman 2000<br \/>\n<a href=\"http:\/\/rnasinc.com\/wp-content\/uploads\/lalman-2001.pdf\">Lalman 2001<\/a><br \/>\n<a href=\"http:\/\/rnasinc.com\/wp-content\/uploads\/ASTM-E2993-16.pdf\">ASTM E2993-16<\/a><\/p>","protected":false},"excerpt":{"rendered":"<p>FOLHAS DE DADOS DE SEGURAN\u00c7A Newman Zone\u00ae Emulsified Vegetable Oil (EVO) Newman Zone HRO&#x2122; Newman Zone QR&#x2122; Neutral Zone\u00ae MicroBlend&#x2122; SDC-9 Bioaugmentation Culture SISTEMAS DE INJE\u00c7\u00c3O ALUGUEL Est\u00e3o dispon\u00edveis sistemas de inje\u00e7\u00e3o de aluguel para injetar produtos RNAS na subsuperf\u00edcie. Sistema de canal \u00fanico Sistema de quatro canais Sistema de dez canais Tanque ISO em&#8230; <a class=\"moretag\" href=\"https:\/\/rnasinc.com\/es\/resources\/\">Read more<\/a><\/p>\n","protected":false},"author":1,"featured_media":0,"parent":0,"menu_order":15,"comment_status":"closed","ping_status":"open","template":"templates\/resources.php","meta":[],"yoast_head":"<!-- This site is optimized with the Yoast SEO plugin v15.2 - https:\/\/yoast.com\/wordpress\/plugins\/seo\/ -->\n<meta name=\"robots\" content=\"index, follow, max-snippet:-1, max-image-preview:large, max-video-preview:-1\" \/>\n<link rel=\"canonical\" href=\"http:\/\/rnasinc.com\/pb\/resources\/\" \/>\n<meta property=\"og:locale\" content=\"es_ES\" \/>\n<meta property=\"og:type\" content=\"article\" \/>\n<meta property=\"og:title\" content=\"Recursos - RNAS Remediation Products\" \/>\n<meta property=\"og:description\" content=\"FOLHAS DE DADOS DE SEGURAN\u00c7A Newman Zone\u00ae Emulsified Vegetable Oil (EVO) Newman Zone HRO&#x2122; Newman Zone QR&#x2122; Neutral Zone\u00ae MicroBlend&#x2122; SDC-9 Bioaugmentation Culture SISTEMAS DE INJE\u00c7\u00c3O ALUGUEL Est\u00e3o dispon\u00edveis sistemas de inje\u00e7\u00e3o de aluguel para injetar produtos RNAS na subsuperf\u00edcie. Sistema de canal \u00fanico Sistema de quatro canais Sistema de dez canais Tanque ISO em... Read more\" \/>\n<meta property=\"og:url\" content=\"http:\/\/rnasinc.com\/pb\/resources\/\" \/>\n<meta property=\"og:site_name\" content=\"RNAS Remediation Products\" \/>\n<meta property=\"article:modified_time\" content=\"2022-08-22T18:11:34+00:00\" \/>\n<meta name=\"twitter:label1\" value=\"Escrito por\">\n\t<meta name=\"twitter:data1\" value=\"Jeremy Ward\">\n\t<meta name=\"twitter:label2\" value=\"Tiempo de lectura\">\n\t<meta name=\"twitter:data2\" value=\"2 minutos\">\n<script type=\"application\/ld+json\" class=\"yoast-schema-graph\">{\"@context\":\"https:\/\/schema.org\",\"@graph\":[{\"@type\":\"WebSite\",\"@id\":\"https:\/\/rnasinc.com\/#website\",\"url\":\"https:\/\/rnasinc.com\/\",\"name\":\"RNAS Remediation Products\",\"description\":\"Soluciones In Situ\",\"potentialAction\":[{\"@type\":\"SearchAction\",\"target\":\"https:\/\/rnasinc.com\/?s={search_term_string}\",\"query-input\":\"required name=search_term_string\"}],\"inLanguage\":\"es\"},{\"@type\":\"WebPage\",\"@id\":\"http:\/\/rnasinc.com\/pb\/resources\/#webpage\",\"url\":\"http:\/\/rnasinc.com\/pb\/resources\/\",\"name\":\"Recursos - RNAS Remediation Products\",\"isPartOf\":{\"@id\":\"https:\/\/rnasinc.com\/#website\"},\"datePublished\":\"2020-08-06T08:11:30+00:00\",\"dateModified\":\"2022-08-22T18:11:34+00:00\",\"inLanguage\":\"es\",\"potentialAction\":[{\"@type\":\"ReadAction\",\"target\":[\"http:\/\/rnasinc.com\/pb\/resources\/\"]}]}]}<\/script>\n<!-- \/ Yoast SEO plugin. -->","_links":{"self":[{"href":"https:\/\/rnasinc.com\/es\/wp-json\/wp\/v2\/pages\/12"}],"collection":[{"href":"https:\/\/rnasinc.com\/es\/wp-json\/wp\/v2\/pages"}],"about":[{"href":"https:\/\/rnasinc.com\/es\/wp-json\/wp\/v2\/types\/page"}],"author":[{"embeddable":true,"href":"https:\/\/rnasinc.com\/es\/wp-json\/wp\/v2\/users\/1"}],"replies":[{"embeddable":true,"href":"https:\/\/rnasinc.com\/es\/wp-json\/wp\/v2\/comments?post=12"}],"version-history":[{"count":89,"href":"https:\/\/rnasinc.com\/es\/wp-json\/wp\/v2\/pages\/12\/revisions"}],"predecessor-version":[{"id":1131,"href":"https:\/\/rnasinc.com\/es\/wp-json\/wp\/v2\/pages\/12\/revisions\/1131"}],"wp:attachment":[{"href":"https:\/\/rnasinc.com\/es\/wp-json\/wp\/v2\/media?parent=12"}],"curies":[{"name":"wp","href":"https:\/\/api.w.org\/{rel}","templated":true}]}}