{"id":10,"date":"2014-07-21T19:21:12","date_gmt":"2014-07-21T19:21:12","guid":{"rendered":"http:\/\/rnasinc.com\/?page_id=10"},"modified":"2020-08-17T13:29:28","modified_gmt":"2020-08-17T19:29:28","slug":"products","status":"publish","type":"page","link":"http:\/\/rnasinc.com\/pb\/products\/","title":{"rendered":"Produtos"},"content":{"rendered":"<p><\/p>\n<h2>Solu\u00e7\u00f5es In Situ<\/h2>\n<p>RNAS fornece produtos para o tratamento seguro e eficaz do solo e da \u00e1gua subterr\u00e2nea. Nossos produtos intensificam os processos naturais com baixo custo, a fim de atingir solu\u00e7\u00f5es verdes sustent\u00e1veis.<\/p>\n<h2>A nossa fam\u00edlia de produtos<\/h2>\n<p>Doadores de el\u00e9trons como os produtos Newman Zone\u00ae, Newman Zone HRO&#x2122; e Newman Zona QR&#x2122; fornecem microrganismos e fontes de alimento para o tratamento anaer\u00f3bico. Os contaminantes que s\u00e3o degradados por tratamento anaer\u00f3bico incluem solventes clorados (PCE, TCE, TCA, DCA), explosivos (RDX, HMX, TNT), nitrato, perclorato, e metais como o cromo hexavalente. O produto Neutral Zone\u00ae constiu\u00eddo por um tamp\u00e3o coloidal otimiza uma biodegrada\u00e7\u00e3o eficaz, neutralizando os \u00e1cidos produzidos por muitos processos microbiol\u00f3gicos. MicroBlend&#x2122; estimula uma r\u00e1pida atividade microbiana por meio de micronutrientes e vitaminas.<\/p>","protected":false},"excerpt":{"rendered":"<p>Solu\u00e7\u00f5es In Situ RNAS fornece produtos para o tratamento seguro e eficaz do solo e da \u00e1gua subterr\u00e2nea. Nossos produtos intensificam os processos naturais com baixo custo, a fim de atingir solu\u00e7\u00f5es verdes sustent\u00e1veis. A nossa fam\u00edlia de produtos Doadores de el\u00e9trons como os produtos Newman Zone\u00ae, Newman Zone HRO&#x2122; e Newman Zona QR&#x2122; fornecem&#8230; <a class=\"moretag\" href=\"http:\/\/rnasinc.com\/pb\/products\/\">Read more<\/a><\/p>\n","protected":false},"author":1,"featured_media":566,"parent":0,"menu_order":10,"comment_status":"closed","ping_status":"open","template":"","meta":[],"yoast_head":"<!-- This site is optimized with the Yoast SEO plugin v15.2 - https:\/\/yoast.com\/wordpress\/plugins\/seo\/ -->\n<meta name=\"robots\" content=\"index, follow, max-snippet:-1, max-image-preview:large, max-video-preview:-1\" \/>\n<link rel=\"canonical\" href=\"http:\/\/rnasinc.com\/products\/\" \/>\n<meta property=\"og:locale\" content=\"pt_BR\" \/>\n<meta property=\"og:type\" content=\"article\" \/>\n<meta property=\"og:title\" content=\"Produtos - RNAS Remediation Products\" \/>\n<meta property=\"og:description\" content=\"Solu\u00e7\u00f5es In Situ RNAS fornece produtos para o tratamento seguro e eficaz do solo e da \u00e1gua subterr\u00e2nea. Nossos produtos intensificam os processos naturais com baixo custo, a fim de atingir solu\u00e7\u00f5es verdes sustent\u00e1veis. A nossa fam\u00edlia de produtos Doadores de el\u00e9trons como os produtos Newman Zone\u00ae, Newman Zone HRO&#x2122; e Newman Zona QR&#x2122; fornecem... Read more\" \/>\n<meta property=\"og:url\" content=\"http:\/\/rnasinc.com\/products\/\" \/>\n<meta property=\"og:site_name\" content=\"RNAS Remediation Products\" \/>\n<meta property=\"article:modified_time\" content=\"2020-08-17T19:29:28+00:00\" \/>\n<meta property=\"og:image\" content=\"http:\/\/rnasinc.com\/wp-content\/uploads\/2014\/07\/RNAS_5J0A0234-1024x683.jpg\" \/>\n\t<meta property=\"og:image:width\" content=\"1024\" \/>\n\t<meta property=\"og:image:height\" content=\"683\" \/>\n<meta name=\"twitter:label1\" value=\"Written by\">\n\t<meta name=\"twitter:data1\" value=\"Jeremy Ward\">\n\t<meta name=\"twitter:label2\" value=\"Est. reading time\">\n\t<meta name=\"twitter:data2\" value=\"2 minutos\">\n<script type=\"application\/ld+json\" class=\"yoast-schema-graph\">{\"@context\":\"https:\/\/schema.org\",\"@graph\":[{\"@type\":\"WebSite\",\"@id\":\"https:\/\/rnasinc.com\/#website\",\"url\":\"https:\/\/rnasinc.com\/\",\"name\":\"RNAS Remediation Products\",\"description\":\"Solu\\u00e7\\u00f5es In Situ\",\"potentialAction\":[{\"@type\":\"SearchAction\",\"target\":\"https:\/\/rnasinc.com\/?s={search_term_string}\",\"query-input\":\"required name=search_term_string\"}],\"inLanguage\":\"pt-BR\"},{\"@type\":\"ImageObject\",\"@id\":\"http:\/\/rnasinc.com\/products\/#primaryimage\",\"inLanguage\":\"pt-BR\",\"url\":\"http:\/\/rnasinc.com\/wp-content\/uploads\/2014\/07\/RNAS_5J0A0234.jpg\",\"width\":4224,\"height\":2816},{\"@type\":\"WebPage\",\"@id\":\"http:\/\/rnasinc.com\/products\/#webpage\",\"url\":\"http:\/\/rnasinc.com\/products\/\",\"name\":\"Produtos - RNAS Remediation Products\",\"isPartOf\":{\"@id\":\"https:\/\/rnasinc.com\/#website\"},\"primaryImageOfPage\":{\"@id\":\"http:\/\/rnasinc.com\/products\/#primaryimage\"},\"datePublished\":\"2014-07-21T19:21:12+00:00\",\"dateModified\":\"2020-08-17T19:29:28+00:00\",\"inLanguage\":\"pt-BR\",\"potentialAction\":[{\"@type\":\"ReadAction\",\"target\":[\"http:\/\/rnasinc.com\/products\/\"]}]}]}<\/script>\n<!-- \/ Yoast SEO plugin. -->","_links":{"self":[{"href":"http:\/\/rnasinc.com\/pb\/wp-json\/wp\/v2\/pages\/10"}],"collection":[{"href":"http:\/\/rnasinc.com\/pb\/wp-json\/wp\/v2\/pages"}],"about":[{"href":"http:\/\/rnasinc.com\/pb\/wp-json\/wp\/v2\/types\/page"}],"author":[{"embeddable":true,"href":"http:\/\/rnasinc.com\/pb\/wp-json\/wp\/v2\/users\/1"}],"replies":[{"embeddable":true,"href":"http:\/\/rnasinc.com\/pb\/wp-json\/wp\/v2\/comments?post=10"}],"version-history":[{"count":29,"href":"http:\/\/rnasinc.com\/pb\/wp-json\/wp\/v2\/pages\/10\/revisions"}],"predecessor-version":[{"id":1051,"href":"http:\/\/rnasinc.com\/pb\/wp-json\/wp\/v2\/pages\/10\/revisions\/1051"}],"wp:featuredmedia":[{"embeddable":true,"href":"http:\/\/rnasinc.com\/pb\/wp-json\/wp\/v2\/media\/566"}],"wp:attachment":[{"href":"http:\/\/rnasinc.com\/pb\/wp-json\/wp\/v2\/media?parent=10"}],"curies":[{"name":"wp","href":"https:\/\/api.w.org\/{rel}","templated":true}]}}