{"id":951,"date":"2017-03-23T09:21:40","date_gmt":"2017-03-23T15:21:40","guid":{"rendered":"http:\/\/rnasinc.com\/?page_id=951"},"modified":"2020-08-06T14:24:11","modified_gmt":"2020-08-06T20:24:11","slug":"sdc-9","status":"publish","type":"page","link":"http:\/\/rnasinc.com\/es\/sdc-9\/","title":{"rendered":"(English) SDC-9&#x2122;"},"content":{"rendered":"<p class=\"qtranxs-available-languages-message qtranxs-available-languages-message-es\">Disculpa, pero esta entrada est\u00e1 disponible s\u00f3lo en <a href=\"http:\/\/rnasinc.com\/en\/wp-json\/wp\/v2\/pages\/951\" class=\"qtranxs-available-language-link qtranxs-available-language-link-en\" title=\"English\">Ingl\u00e9s Estadounidense<\/a>.<\/p>","protected":false},"excerpt":{"rendered":"<p>Disculpa, pero esta entrada est\u00e1 disponible s\u00f3lo en Ingl\u00e9s Estadounidense.<\/p>\n","protected":false},"author":5,"featured_media":0,"parent":0,"menu_order":35,"comment_status":"closed","ping_status":"closed","template":"templates\/product.php","meta":[],"yoast_head":"<!-- This site is optimized with the Yoast SEO plugin v15.2 - https:\/\/yoast.com\/wordpress\/plugins\/seo\/ -->\n<meta name=\"robots\" content=\"index, follow, max-snippet:-1, max-image-preview:large, max-video-preview:-1\" \/>\n<link rel=\"canonical\" href=\"http:\/\/rnasinc.com\/es\/sdc-9\/\" \/>\n<meta property=\"og:locale\" content=\"es_ES\" \/>\n<meta property=\"og:type\" content=\"article\" \/>\n<meta property=\"og:title\" content=\"(English) SDC-9&#x2122; - RNAS Remediation Products\" \/>\n<meta property=\"og:description\" content=\"Disculpa, pero esta entrada est\u00e1 disponible s\u00f3lo en Ingl\u00e9s Estadounidense.\" \/>\n<meta property=\"og:url\" content=\"http:\/\/rnasinc.com\/es\/sdc-9\/\" \/>\n<meta property=\"og:site_name\" content=\"RNAS Remediation Products\" \/>\n<meta property=\"article:modified_time\" content=\"2020-08-06T20:24:11+00:00\" \/>\n<meta name=\"twitter:label1\" value=\"Escrito por\">\n\t<meta name=\"twitter:data1\" value=\"Scott Anderson\">\n\t<meta name=\"twitter:label2\" value=\"Tiempo de lectura\">\n\t<meta name=\"twitter:data2\" value=\"0 minutos\">\n<script type=\"application\/ld+json\" class=\"yoast-schema-graph\">{\"@context\":\"https:\/\/schema.org\",\"@graph\":[{\"@type\":\"WebSite\",\"@id\":\"http:\/\/rnasinc.com\/#website\",\"url\":\"http:\/\/rnasinc.com\/\",\"name\":\"RNAS Remediation Products\",\"description\":\"Soluciones In Situ\",\"potentialAction\":[{\"@type\":\"SearchAction\",\"target\":\"http:\/\/rnasinc.com\/?s={search_term_string}\",\"query-input\":\"required name=search_term_string\"}],\"inLanguage\":\"es\"},{\"@type\":\"WebPage\",\"@id\":\"http:\/\/rnasinc.com\/es\/sdc-9\/#webpage\",\"url\":\"http:\/\/rnasinc.com\/es\/sdc-9\/\",\"name\":\"(English) SDC-9&#x2122; - RNAS Remediation Products\",\"isPartOf\":{\"@id\":\"http:\/\/rnasinc.com\/#website\"},\"datePublished\":\"2017-03-23T15:21:40+00:00\",\"dateModified\":\"2020-08-06T20:24:11+00:00\",\"inLanguage\":\"es\",\"potentialAction\":[{\"@type\":\"ReadAction\",\"target\":[\"http:\/\/rnasinc.com\/es\/sdc-9\/\"]}]}]}<\/script>\n<!-- \/ Yoast SEO plugin. -->","_links":{"self":[{"href":"http:\/\/rnasinc.com\/es\/wp-json\/wp\/v2\/pages\/951"}],"collection":[{"href":"http:\/\/rnasinc.com\/es\/wp-json\/wp\/v2\/pages"}],"about":[{"href":"http:\/\/rnasinc.com\/es\/wp-json\/wp\/v2\/types\/page"}],"author":[{"embeddable":true,"href":"http:\/\/rnasinc.com\/es\/wp-json\/wp\/v2\/users\/5"}],"replies":[{"embeddable":true,"href":"http:\/\/rnasinc.com\/es\/wp-json\/wp\/v2\/comments?post=951"}],"version-history":[{"count":8,"href":"http:\/\/rnasinc.com\/es\/wp-json\/wp\/v2\/pages\/951\/revisions"}],"predecessor-version":[{"id":1018,"href":"http:\/\/rnasinc.com\/es\/wp-json\/wp\/v2\/pages\/951\/revisions\/1018"}],"wp:attachment":[{"href":"http:\/\/rnasinc.com\/es\/wp-json\/wp\/v2\/media?parent=951"}],"curies":[{"name":"wp","href":"https:\/\/api.w.org\/{rel}","templated":true}]}}