{"id":14,"date":"2014-07-21T19:21:40","date_gmt":"2014-07-21T19:21:40","guid":{"rendered":"http:\/\/rnasinc.com\/?page_id=14"},"modified":"2016-05-20T10:14:39","modified_gmt":"2016-05-20T16:14:39","slug":"contact","status":"publish","type":"page","link":"http:\/\/rnasinc.com\/es\/contact\/","title":{"rendered":"Contacto"},"content":{"rendered":"<p>Por favor llame o env\u00edenos un correo electr\u00f3nico para discutir su pr\u00f3ximo proyecto. Esperamos con inter\u00e9s escuchar de usted.<\/p>","protected":false},"excerpt":{"rendered":"<p>Por favor llame o env\u00edenos un correo electr\u00f3nico para discutir su pr\u00f3ximo proyecto. Esperamos con inter\u00e9s escuchar de usted.<\/p>\n","protected":false},"author":1,"featured_media":0,"parent":0,"menu_order":20,"comment_status":"closed","ping_status":"closed","template":"templates\/contact.php","meta":[],"yoast_head":"<!-- This site is optimized with the Yoast SEO plugin v15.2 - https:\/\/yoast.com\/wordpress\/plugins\/seo\/ -->\n<meta name=\"robots\" content=\"index, follow, max-snippet:-1, max-image-preview:large, max-video-preview:-1\" \/>\n<link rel=\"canonical\" href=\"http:\/\/rnasinc.com\/es\/contact\/\" \/>\n<meta property=\"og:locale\" content=\"es_ES\" \/>\n<meta property=\"og:type\" content=\"article\" \/>\n<meta property=\"og:title\" content=\"Contacto - RNAS Remediation Products\" \/>\n<meta property=\"og:description\" content=\"Por favor llame o env\u00edenos un correo electr\u00f3nico para discutir su pr\u00f3ximo proyecto. Esperamos con inter\u00e9s escuchar de usted.\" \/>\n<meta property=\"og:url\" content=\"http:\/\/rnasinc.com\/es\/contact\/\" \/>\n<meta property=\"og:site_name\" content=\"RNAS Remediation Products\" \/>\n<meta property=\"article:modified_time\" content=\"2016-05-20T16:14:39+00:00\" \/>\n<meta name=\"twitter:label1\" value=\"Escrito por\">\n\t<meta name=\"twitter:data1\" value=\"Jeremy Ward\">\n\t<meta name=\"twitter:label2\" value=\"Tiempo de lectura\">\n\t<meta name=\"twitter:data2\" value=\"0 minutos\">\n<script type=\"application\/ld+json\" class=\"yoast-schema-graph\">{\"@context\":\"https:\/\/schema.org\",\"@graph\":[{\"@type\":\"WebSite\",\"@id\":\"https:\/\/rnasinc.com\/pb\/#website\",\"url\":\"https:\/\/rnasinc.com\/pb\/\",\"name\":\"RNAS Remediation Products\",\"description\":\"Soluciones In Situ\",\"potentialAction\":[{\"@type\":\"SearchAction\",\"target\":\"https:\/\/rnasinc.com\/pb\/?s={search_term_string}\",\"query-input\":\"required name=search_term_string\"}],\"inLanguage\":\"es\"},{\"@type\":\"WebPage\",\"@id\":\"http:\/\/rnasinc.com\/es\/contact\/#webpage\",\"url\":\"http:\/\/rnasinc.com\/es\/contact\/\",\"name\":\"Contacto - RNAS Remediation Products\",\"isPartOf\":{\"@id\":\"https:\/\/rnasinc.com\/pb\/#website\"},\"datePublished\":\"2014-07-21T19:21:40+00:00\",\"dateModified\":\"2016-05-20T16:14:39+00:00\",\"inLanguage\":\"es\",\"potentialAction\":[{\"@type\":\"ReadAction\",\"target\":[\"http:\/\/rnasinc.com\/es\/contact\/\"]}]}]}<\/script>\n<!-- \/ Yoast SEO plugin. -->","_links":{"self":[{"href":"http:\/\/rnasinc.com\/es\/wp-json\/wp\/v2\/pages\/14"}],"collection":[{"href":"http:\/\/rnasinc.com\/es\/wp-json\/wp\/v2\/pages"}],"about":[{"href":"http:\/\/rnasinc.com\/es\/wp-json\/wp\/v2\/types\/page"}],"author":[{"embeddable":true,"href":"http:\/\/rnasinc.com\/es\/wp-json\/wp\/v2\/users\/1"}],"replies":[{"embeddable":true,"href":"http:\/\/rnasinc.com\/es\/wp-json\/wp\/v2\/comments?post=14"}],"version-history":[{"count":20,"href":"http:\/\/rnasinc.com\/es\/wp-json\/wp\/v2\/pages\/14\/revisions"}],"predecessor-version":[{"id":870,"href":"http:\/\/rnasinc.com\/es\/wp-json\/wp\/v2\/pages\/14\/revisions\/870"}],"wp:attachment":[{"href":"http:\/\/rnasinc.com\/es\/wp-json\/wp\/v2\/media?parent=14"}],"curies":[{"name":"wp","href":"https:\/\/api.w.org\/{rel}","templated":true}]}}