{"id":1054,"date":"2020-08-18T07:11:58","date_gmt":"2020-08-18T13:11:58","guid":{"rendered":"http:\/\/rnasinc.com\/?page_id=1054"},"modified":"2022-08-22T11:57:00","modified_gmt":"2022-08-22T17:57:00","slug":"newman-zone-qr75","status":"publish","type":"page","link":"http:\/\/rnasinc.com\/es\/newman-zone-qr75\/","title":{"rendered":"Newman Zone QR75"},"content":{"rendered":"<p class=\"qtranxs-available-languages-message qtranxs-available-languages-message-es\">Disculpa, pero esta entrada est\u00e1 disponible s\u00f3lo en <a href=\"http:\/\/rnasinc.com\/en\/wp-json\/wp\/v2\/pages\/1054\" class=\"qtranxs-available-language-link qtranxs-available-language-link-en\" title=\"English\">Ingl\u00e9s Estadounidense<\/a>.<\/p>","protected":false},"excerpt":{"rendered":"<p>Disculpa, pero esta entrada est\u00e1 disponible s\u00f3lo en Ingl\u00e9s Estadounidense.<\/p>\n","protected":false},"author":2,"featured_media":0,"parent":0,"menu_order":0,"comment_status":"closed","ping_status":"closed","template":"","meta":[],"yoast_head":"<!-- This site is optimized with the Yoast SEO plugin v15.2 - https:\/\/yoast.com\/wordpress\/plugins\/seo\/ -->\n<meta name=\"robots\" content=\"index, follow, max-snippet:-1, max-image-preview:large, max-video-preview:-1\" \/>\n<link rel=\"canonical\" href=\"https:\/\/rnasinc.com\/es\/newman-zone-qr75\/\" \/>\n<meta property=\"og:locale\" content=\"es_ES\" \/>\n<meta property=\"og:type\" content=\"article\" \/>\n<meta property=\"og:title\" content=\"Newman Zone QR75 - RNAS Remediation Products\" \/>\n<meta property=\"og:description\" content=\"Disculpa, pero esta entrada est\u00e1 disponible s\u00f3lo en Ingl\u00e9s Estadounidense.\" \/>\n<meta property=\"og:url\" content=\"https:\/\/rnasinc.com\/es\/newman-zone-qr75\/\" \/>\n<meta property=\"og:site_name\" content=\"RNAS Remediation Products\" \/>\n<meta property=\"article:modified_time\" content=\"2022-08-22T17:57:00+00:00\" \/>\n<meta property=\"og:image\" content=\"http:\/\/rnasinc.com\/wp-content\/uploads\/NewmanZone_RNAS_June2020_web-1-300x300.jpg\" \/>\n<meta name=\"twitter:label1\" value=\"Escrito por\">\n\t<meta name=\"twitter:data1\" value=\"Bill Newman\">\n\t<meta name=\"twitter:label2\" value=\"Tiempo de lectura\">\n\t<meta name=\"twitter:data2\" value=\"0 minutos\">\n<script type=\"application\/ld+json\" class=\"yoast-schema-graph\">{\"@context\":\"https:\/\/schema.org\",\"@graph\":[{\"@type\":\"WebSite\",\"@id\":\"https:\/\/rnasinc.com\/#website\",\"url\":\"https:\/\/rnasinc.com\/\",\"name\":\"RNAS Remediation Products\",\"description\":\"Soluciones In Situ\",\"potentialAction\":[{\"@type\":\"SearchAction\",\"target\":\"https:\/\/rnasinc.com\/?s={search_term_string}\",\"query-input\":\"required name=search_term_string\"}],\"inLanguage\":\"es\"},{\"@type\":\"ImageObject\",\"@id\":\"https:\/\/rnasinc.com\/es\/newman-zone-qr75\/#primaryimage\",\"inLanguage\":\"es\",\"url\":\"http:\/\/rnasinc.com\/wp-content\/uploads\/NewmanZone_RNAS_June2020_web-1.jpg\",\"width\":1920,\"height\":1920},{\"@type\":\"WebPage\",\"@id\":\"https:\/\/rnasinc.com\/es\/newman-zone-qr75\/#webpage\",\"url\":\"https:\/\/rnasinc.com\/es\/newman-zone-qr75\/\",\"name\":\"Newman Zone QR75 - RNAS Remediation Products\",\"isPartOf\":{\"@id\":\"https:\/\/rnasinc.com\/#website\"},\"primaryImageOfPage\":{\"@id\":\"https:\/\/rnasinc.com\/es\/newman-zone-qr75\/#primaryimage\"},\"datePublished\":\"2020-08-18T13:11:58+00:00\",\"dateModified\":\"2022-08-22T17:57:00+00:00\",\"inLanguage\":\"es\",\"potentialAction\":[{\"@type\":\"ReadAction\",\"target\":[\"https:\/\/rnasinc.com\/es\/newman-zone-qr75\/\"]}]}]}<\/script>\n<!-- \/ Yoast SEO plugin. -->","_links":{"self":[{"href":"http:\/\/rnasinc.com\/es\/wp-json\/wp\/v2\/pages\/1054"}],"collection":[{"href":"http:\/\/rnasinc.com\/es\/wp-json\/wp\/v2\/pages"}],"about":[{"href":"http:\/\/rnasinc.com\/es\/wp-json\/wp\/v2\/types\/page"}],"author":[{"embeddable":true,"href":"http:\/\/rnasinc.com\/es\/wp-json\/wp\/v2\/users\/2"}],"replies":[{"embeddable":true,"href":"http:\/\/rnasinc.com\/es\/wp-json\/wp\/v2\/comments?post=1054"}],"version-history":[{"count":5,"href":"http:\/\/rnasinc.com\/es\/wp-json\/wp\/v2\/pages\/1054\/revisions"}],"predecessor-version":[{"id":1126,"href":"http:\/\/rnasinc.com\/es\/wp-json\/wp\/v2\/pages\/1054\/revisions\/1126"}],"wp:attachment":[{"href":"http:\/\/rnasinc.com\/es\/wp-json\/wp\/v2\/media?parent=1054"}],"curies":[{"name":"wp","href":"https:\/\/api.w.org\/{rel}","templated":true}]}}