{"id":10,"date":"2014-07-21T19:21:12","date_gmt":"2014-07-21T19:21:12","guid":{"rendered":"http:\/\/rnasinc.com\/?page_id=10"},"modified":"2020-08-17T13:29:28","modified_gmt":"2020-08-17T19:29:28","slug":"products","status":"publish","type":"page","link":"http:\/\/rnasinc.com\/es\/products\/","title":{"rendered":"Productos"},"content":{"rendered":"<p><\/p>\n<h2>Soluciones in Situ<\/h2>\n<p>RNAS ofrece productos para el tratamiento seguro y eficaz de los suelos y agua subterr\u00e1nea. Nuestros productos mejoran los procesos naturales para lograr bajo costo, ser verde y tener resultados sostenibles.<\/p>\n<h2>Nuestra Familia de Productos<\/h2>\n<p>Donantes de Electrones incluidos Newman Zone\u00ae, Newman Zone HRO&#x2122; y Newman Zone QR&#x2122; proporcionan microbios con una fuente de alimento para el tratamiento anaer\u00f3bico. Contaminantes com\u00fanmente afectados por el tratamiento anaer\u00f3bico incluyen solventes clorados (PCE, TCE, TCA, DCA), explosivos (RDX, HMX, TNT), nitrato, perclorato, y los metales seleccionados como el cromo VI. Neutral Zone\u00ae Tamp\u00f3n coloidal optimiza la biodegradaci\u00f3n efectiva mediante la neutralizaci\u00f3n de los \u00e1cidos producidos por muchos procesos microbianos. MicroBlend&#x2122; estimula la r\u00e1pida actividad microbiana con micronutrientes y vitaminas.<\/p>","protected":false},"excerpt":{"rendered":"<p>Soluciones in Situ RNAS ofrece productos para el tratamiento seguro y eficaz de los suelos y agua subterr\u00e1nea. Nuestros productos mejoran los procesos naturales para lograr bajo costo, ser verde y tener resultados sostenibles. Nuestra Familia de Productos Donantes de Electrones incluidos Newman Zone\u00ae, Newman Zone HRO&#x2122; y Newman Zone QR&#x2122; proporcionan microbios con una&#8230; <a class=\"moretag\" href=\"http:\/\/rnasinc.com\/es\/products\/\">Read more<\/a><\/p>\n","protected":false},"author":1,"featured_media":566,"parent":0,"menu_order":10,"comment_status":"closed","ping_status":"open","template":"","meta":[],"yoast_head":"<!-- This site is optimized with the Yoast SEO plugin v15.2 - https:\/\/yoast.com\/wordpress\/plugins\/seo\/ -->\n<meta name=\"robots\" content=\"index, follow, max-snippet:-1, max-image-preview:large, max-video-preview:-1\" \/>\n<link rel=\"canonical\" href=\"https:\/\/rnasinc.com\/products\/\" \/>\n<meta property=\"og:locale\" content=\"es_ES\" \/>\n<meta property=\"og:type\" content=\"article\" \/>\n<meta property=\"og:title\" content=\"Productos - RNAS Remediation Products\" \/>\n<meta property=\"og:description\" content=\"Soluciones in Situ RNAS ofrece productos para el tratamiento seguro y eficaz de los suelos y agua subterr\u00e1nea. Nuestros productos mejoran los procesos naturales para lograr bajo costo, ser verde y tener resultados sostenibles. Nuestra Familia de Productos Donantes de Electrones incluidos Newman Zone\u00ae, Newman Zone HRO&#x2122; y Newman Zone QR&#x2122; proporcionan microbios con una... Read more\" \/>\n<meta property=\"og:url\" content=\"https:\/\/rnasinc.com\/products\/\" \/>\n<meta property=\"og:site_name\" content=\"RNAS Remediation Products\" \/>\n<meta property=\"article:modified_time\" content=\"2020-08-17T19:29:28+00:00\" \/>\n<meta property=\"og:image\" content=\"http:\/\/rnasinc.com\/wp-content\/uploads\/2014\/07\/RNAS_5J0A0234-1024x683.jpg\" \/>\n\t<meta property=\"og:image:width\" content=\"1024\" \/>\n\t<meta property=\"og:image:height\" content=\"683\" \/>\n<meta name=\"twitter:label1\" value=\"Escrito por\">\n\t<meta name=\"twitter:data1\" value=\"Jeremy Ward\">\n\t<meta name=\"twitter:label2\" value=\"Tiempo de lectura\">\n\t<meta name=\"twitter:data2\" value=\"2 minutos\">\n<script type=\"application\/ld+json\" class=\"yoast-schema-graph\">{\"@context\":\"https:\/\/schema.org\",\"@graph\":[{\"@type\":\"WebSite\",\"@id\":\"https:\/\/rnasinc.com\/pb\/#website\",\"url\":\"https:\/\/rnasinc.com\/pb\/\",\"name\":\"RNAS Remediation Products\",\"description\":\"Soluciones In Situ\",\"potentialAction\":[{\"@type\":\"SearchAction\",\"target\":\"https:\/\/rnasinc.com\/pb\/?s={search_term_string}\",\"query-input\":\"required name=search_term_string\"}],\"inLanguage\":\"es\"},{\"@type\":\"ImageObject\",\"@id\":\"https:\/\/rnasinc.com\/products\/#primaryimage\",\"inLanguage\":\"es\",\"url\":\"http:\/\/rnasinc.com\/wp-content\/uploads\/2014\/07\/RNAS_5J0A0234.jpg\",\"width\":4224,\"height\":2816},{\"@type\":\"WebPage\",\"@id\":\"https:\/\/rnasinc.com\/products\/#webpage\",\"url\":\"https:\/\/rnasinc.com\/products\/\",\"name\":\"Productos - RNAS Remediation Products\",\"isPartOf\":{\"@id\":\"https:\/\/rnasinc.com\/pb\/#website\"},\"primaryImageOfPage\":{\"@id\":\"https:\/\/rnasinc.com\/products\/#primaryimage\"},\"datePublished\":\"2014-07-21T19:21:12+00:00\",\"dateModified\":\"2020-08-17T19:29:28+00:00\",\"inLanguage\":\"es\",\"potentialAction\":[{\"@type\":\"ReadAction\",\"target\":[\"https:\/\/rnasinc.com\/products\/\"]}]}]}<\/script>\n<!-- \/ Yoast SEO plugin. -->","_links":{"self":[{"href":"http:\/\/rnasinc.com\/es\/wp-json\/wp\/v2\/pages\/10"}],"collection":[{"href":"http:\/\/rnasinc.com\/es\/wp-json\/wp\/v2\/pages"}],"about":[{"href":"http:\/\/rnasinc.com\/es\/wp-json\/wp\/v2\/types\/page"}],"author":[{"embeddable":true,"href":"http:\/\/rnasinc.com\/es\/wp-json\/wp\/v2\/users\/1"}],"replies":[{"embeddable":true,"href":"http:\/\/rnasinc.com\/es\/wp-json\/wp\/v2\/comments?post=10"}],"version-history":[{"count":29,"href":"http:\/\/rnasinc.com\/es\/wp-json\/wp\/v2\/pages\/10\/revisions"}],"predecessor-version":[{"id":1051,"href":"http:\/\/rnasinc.com\/es\/wp-json\/wp\/v2\/pages\/10\/revisions\/1051"}],"wp:featuredmedia":[{"embeddable":true,"href":"http:\/\/rnasinc.com\/es\/wp-json\/wp\/v2\/media\/566"}],"wp:attachment":[{"href":"http:\/\/rnasinc.com\/es\/wp-json\/wp\/v2\/media?parent=10"}],"curies":[{"name":"wp","href":"https:\/\/api.w.org\/{rel}","templated":true}]}}